{"id":147,"date":"2017-05-28T15:51:17","date_gmt":"2017-05-28T13:51:17","guid":{"rendered":"https:\/\/kasuva.fi\/?page_id=147"},"modified":"2019-09-12T15:38:45","modified_gmt":"2019-09-12T13:38:45","slug":"referenssit-2","status":"publish","type":"page","link":"https:\/\/kasuva.fi\/?page_id=147","title":{"rendered":"Referenssit"},"content":{"rendered":"<p>&nbsp;<\/p>\n<p><img loading=\"lazy\" decoding=\"async\" class=\"alignright size-full wp-image-207\" src=\"https:\/\/kasuva.fi\/wp-content\/uploads\/2017\/08\/P8070774.jpg\" alt=\"\" width=\"4608\" height=\"3456\" srcset=\"https:\/\/kasuva.fi\/wp-content\/uploads\/2017\/08\/P8070774.jpg 4608w, https:\/\/kasuva.fi\/wp-content\/uploads\/2017\/08\/P8070774-300x225.jpg 300w, https:\/\/kasuva.fi\/wp-content\/uploads\/2017\/08\/P8070774-768x576.jpg 768w, https:\/\/kasuva.fi\/wp-content\/uploads\/2017\/08\/P8070774-1024x768.jpg 1024w\" sizes=\"(max-width: 767px) 89vw, (max-width: 1000px) 54vw, (max-width: 1071px) 543px, 580px\" \/><\/p>\n<p>&nbsp;<\/p>\n<p><img loading=\"lazy\" decoding=\"async\" class=\"size-full wp-image-206\" src=\"https:\/\/kasuva.fi\/wp-content\/uploads\/2017\/08\/P8070771.jpg\" alt=\"\" width=\"4608\" height=\"3456\" srcset=\"https:\/\/kasuva.fi\/wp-content\/uploads\/2017\/08\/P8070771.jpg 4608w, https:\/\/kasuva.fi\/wp-content\/uploads\/2017\/08\/P8070771-300x225.jpg 300w, https:\/\/kasuva.fi\/wp-content\/uploads\/2017\/08\/P8070771-768x576.jpg 768w, https:\/\/kasuva.fi\/wp-content\/uploads\/2017\/08\/P8070771-1024x768.jpg 1024w\" sizes=\"(max-width: 767px) 89vw, (max-width: 1000px) 54vw, (max-width: 1071px) 543px, 580px\" \/><\/p>\n<figure id=\"attachment_208\" aria-describedby=\"caption-attachment-208\" style=\"width: 4608px\" class=\"wp-caption alignnone\"><img loading=\"lazy\" decoding=\"async\" class=\"wp-image-208 size-full\" src=\"https:\/\/kasuva.fi\/wp-content\/uploads\/2017\/08\/P8070775.jpg\" alt=\"\" width=\"4608\" height=\"3456\" srcset=\"https:\/\/kasuva.fi\/wp-content\/uploads\/2017\/08\/P8070775.jpg 4608w, https:\/\/kasuva.fi\/wp-content\/uploads\/2017\/08\/P8070775-300x225.jpg 300w, https:\/\/kasuva.fi\/wp-content\/uploads\/2017\/08\/P8070775-768x576.jpg 768w, https:\/\/kasuva.fi\/wp-content\/uploads\/2017\/08\/P8070775-1024x768.jpg 1024w\" sizes=\"(max-width: 767px) 89vw, (max-width: 1000px) 54vw, (max-width: 1071px) 543px, 580px\" \/><figcaption id=\"caption-attachment-208\" class=\"wp-caption-text\">Asiakkaan toiveiden mukaisesti suunniteltu omakotitalo, ulkosauna ja talousrakennus. T\u00e4h\u00e4n kohteeseen Kasuva Oy laati 3D-luonnokset, rakennuslupapiirustukset, rakennesuunnitelmat ja energiatodistuksen.<\/figcaption><\/figure>\n<hr \/>\n<p><img loading=\"lazy\" decoding=\"async\" class=\" wp-image-275\" src=\"https:\/\/kasuva.fi\/wp-content\/uploads\/2017\/08\/P8070766.jpg\" alt=\"\" width=\"550\" height=\"413\" srcset=\"https:\/\/kasuva.fi\/wp-content\/uploads\/2017\/08\/P8070766.jpg 4608w, https:\/\/kasuva.fi\/wp-content\/uploads\/2017\/08\/P8070766-300x225.jpg 300w, https:\/\/kasuva.fi\/wp-content\/uploads\/2017\/08\/P8070766-768x576.jpg 768w, https:\/\/kasuva.fi\/wp-content\/uploads\/2017\/08\/P8070766-1024x768.jpg 1024w\" sizes=\"(max-width: 550px) 100vw, 550px\" \/><\/p>\n<figure id=\"attachment_276\" aria-describedby=\"caption-attachment-276\" style=\"width: 551px\" class=\"wp-caption alignnone\"><img loading=\"lazy\" decoding=\"async\" class=\"wp-image-276\" src=\"https:\/\/kasuva.fi\/wp-content\/uploads\/2017\/08\/P8070769-2.jpg\" alt=\"\" width=\"551\" height=\"413\" srcset=\"https:\/\/kasuva.fi\/wp-content\/uploads\/2017\/08\/P8070769-2.jpg 4608w, https:\/\/kasuva.fi\/wp-content\/uploads\/2017\/08\/P8070769-2-300x225.jpg 300w, https:\/\/kasuva.fi\/wp-content\/uploads\/2017\/08\/P8070769-2-768x576.jpg 768w, https:\/\/kasuva.fi\/wp-content\/uploads\/2017\/08\/P8070769-2-1024x768.jpg 1024w\" sizes=\"(max-width: 551px) 100vw, 551px\" \/><figcaption id=\"caption-attachment-276\" class=\"wp-caption-text\">2-kerrosparitaloon ja talousrakennukseen arkkitehti- ja rakennesuunnittelu sek\u00e4 valvonta.<\/figcaption><\/figure>\n<hr \/>\n<figure id=\"attachment_277\" aria-describedby=\"caption-attachment-277\" style=\"width: 549px\" class=\"wp-caption alignnone\"><img loading=\"lazy\" decoding=\"async\" class=\"wp-image-277\" src=\"https:\/\/kasuva.fi\/wp-content\/uploads\/2017\/08\/P8070771-2.jpg\" alt=\"\" width=\"549\" height=\"412\" srcset=\"https:\/\/kasuva.fi\/wp-content\/uploads\/2017\/08\/P8070771-2.jpg 4608w, https:\/\/kasuva.fi\/wp-content\/uploads\/2017\/08\/P8070771-2-300x225.jpg 300w, https:\/\/kasuva.fi\/wp-content\/uploads\/2017\/08\/P8070771-2-768x576.jpg 768w, https:\/\/kasuva.fi\/wp-content\/uploads\/2017\/08\/P8070771-2-1024x768.jpg 1024w\" sizes=\"(max-width: 549px) 100vw, 549px\" \/><figcaption id=\"caption-attachment-277\" class=\"wp-caption-text\">2-kerrosparitaloon ja talousrakennukseen arkkitehti- ja rakennesuunnittelu sek\u00e4 valvonta.<\/figcaption><\/figure>\n<hr \/>\n<p><img loading=\"lazy\" decoding=\"async\" class=\" wp-image-210\" src=\"https:\/\/kasuva.fi\/wp-content\/uploads\/2017\/08\/P5300760.jpg\" alt=\"\" width=\"549\" height=\"412\" srcset=\"https:\/\/kasuva.fi\/wp-content\/uploads\/2017\/08\/P5300760.jpg 4608w, https:\/\/kasuva.fi\/wp-content\/uploads\/2017\/08\/P5300760-300x225.jpg 300w, https:\/\/kasuva.fi\/wp-content\/uploads\/2017\/08\/P5300760-768x576.jpg 768w, https:\/\/kasuva.fi\/wp-content\/uploads\/2017\/08\/P5300760-1024x768.jpg 1024w\" sizes=\"(max-width: 549px) 100vw, 549px\" \/><\/p>\n<figure id=\"attachment_209\" aria-describedby=\"caption-attachment-209\" style=\"width: 551px\" class=\"wp-caption alignnone\"><img loading=\"lazy\" decoding=\"async\" class=\"wp-image-209\" src=\"https:\/\/kasuva.fi\/wp-content\/uploads\/2017\/08\/P5300752.jpg\" alt=\"\" width=\"551\" height=\"413\" srcset=\"https:\/\/kasuva.fi\/wp-content\/uploads\/2017\/08\/P5300752.jpg 4608w, https:\/\/kasuva.fi\/wp-content\/uploads\/2017\/08\/P5300752-300x225.jpg 300w, https:\/\/kasuva.fi\/wp-content\/uploads\/2017\/08\/P5300752-768x576.jpg 768w, https:\/\/kasuva.fi\/wp-content\/uploads\/2017\/08\/P5300752-1024x768.jpg 1024w\" sizes=\"(max-width: 551px) 100vw, 551px\" \/><figcaption id=\"caption-attachment-209\" class=\"wp-caption-text\">Asiakkaan toiveiden mukaisesti suunniteltu kokonaisuus; omakotitalo, saunarakennus kes\u00e4keitti\u00f6ll\u00e4 ja autotalli\/varasto. T\u00e4h\u00e4n kohteeseen Kasuva Oy laati 3D-luonnokset, arkkitehti- ja rakennesuunnitelmat, kustannusarvion, m\u00e4\u00e4r\u00e4laskennat sek\u00e4 energiatodistuksen rakennuslupapiirustusten liitteeksi. Lis\u00e4ksi kohteessa vastaavan ty\u00f6njohtajan teht\u00e4v\u00e4t.<\/figcaption><\/figure>\n<hr \/>\n<figure id=\"attachment_279\" aria-describedby=\"caption-attachment-279\" style=\"width: 555px\" class=\"wp-caption alignnone\"><img loading=\"lazy\" decoding=\"async\" class=\"wp-image-279\" src=\"https:\/\/kasuva.fi\/wp-content\/uploads\/2017\/08\/P8070777.jpg\" alt=\"\" width=\"555\" height=\"417\" srcset=\"https:\/\/kasuva.fi\/wp-content\/uploads\/2017\/08\/P8070777.jpg 4608w, https:\/\/kasuva.fi\/wp-content\/uploads\/2017\/08\/P8070777-300x225.jpg 300w, https:\/\/kasuva.fi\/wp-content\/uploads\/2017\/08\/P8070777-768x576.jpg 768w, https:\/\/kasuva.fi\/wp-content\/uploads\/2017\/08\/P8070777-1024x768.jpg 1024w\" sizes=\"(max-width: 555px) 100vw, 555px\" \/><figcaption id=\"caption-attachment-279\" class=\"wp-caption-text\">Vanhan rakennuksen tilalle merenrantaan suunniteltiin ymp\u00e4rist\u00f6\u00f6n istuva huvila ja vierasm\u00f6kki saunalla.<\/figcaption><\/figure>\n<hr \/>\n<figure id=\"attachment_278\" aria-describedby=\"caption-attachment-278\" style=\"width: 557px\" class=\"wp-caption alignnone\"><img loading=\"lazy\" decoding=\"async\" class=\"wp-image-278\" src=\"https:\/\/kasuva.fi\/wp-content\/uploads\/2017\/08\/P8070774-2.jpg\" alt=\"\" width=\"557\" height=\"418\" srcset=\"https:\/\/kasuva.fi\/wp-content\/uploads\/2017\/08\/P8070774-2.jpg 4608w, https:\/\/kasuva.fi\/wp-content\/uploads\/2017\/08\/P8070774-2-300x225.jpg 300w, https:\/\/kasuva.fi\/wp-content\/uploads\/2017\/08\/P8070774-2-768x576.jpg 768w, https:\/\/kasuva.fi\/wp-content\/uploads\/2017\/08\/P8070774-2-1024x768.jpg 1024w\" sizes=\"(max-width: 557px) 100vw, 557px\" \/><figcaption id=\"caption-attachment-278\" class=\"wp-caption-text\">Seikkailupuisto X-Pakka. P\u00e4\u00e4- ja huoltorakennuksen arkkitehti- ja rakennesuunnittelu. Lis\u00e4ksi kohteessa vastaavan ty\u00f6njohtajan teht\u00e4vi\u00e4.<\/figcaption><\/figure>\n<hr \/>\n<figure id=\"attachment_81\" aria-describedby=\"caption-attachment-81\" style=\"width: 556px\" class=\"wp-caption alignnone\"><img loading=\"lazy\" decoding=\"async\" class=\"wp-image-81\" src=\"https:\/\/kasuva.fi\/wp-content\/uploads\/2017\/05\/talokuva_tumma-e1495899020451.jpg\" alt=\"\" width=\"556\" height=\"344\" srcset=\"https:\/\/kasuva.fi\/wp-content\/uploads\/2017\/05\/talokuva_tumma-e1495899020451.jpg 910w, https:\/\/kasuva.fi\/wp-content\/uploads\/2017\/05\/talokuva_tumma-e1495899020451-300x185.jpg 300w, https:\/\/kasuva.fi\/wp-content\/uploads\/2017\/05\/talokuva_tumma-e1495899020451-768x474.jpg 768w\" sizes=\"(max-width: 556px) 100vw, 556px\" \/><figcaption id=\"caption-attachment-81\" class=\"wp-caption-text\">Visualisoitu 3D-luonnos.<\/figcaption><\/figure>\n<hr \/>\n<figure id=\"attachment_45\" aria-describedby=\"caption-attachment-45\" style=\"width: 554px\" class=\"wp-caption alignnone\"><img loading=\"lazy\" decoding=\"async\" class=\"wp-image-45\" src=\"https:\/\/kasuva.fi\/wp-content\/uploads\/2017\/05\/Julkkari_talo.jpg\" alt=\"\" width=\"554\" height=\"165\" srcset=\"https:\/\/kasuva.fi\/wp-content\/uploads\/2017\/05\/Julkkari_talo.jpg 689w, https:\/\/kasuva.fi\/wp-content\/uploads\/2017\/05\/Julkkari_talo-300x89.jpg 300w\" sizes=\"(max-width: 554px) 100vw, 554px\" \/><figcaption id=\"caption-attachment-45\" class=\"wp-caption-text\">Olemassa olevaan omakotitaloon katetut terassilaajennukset ja autokatoksen muutos autotalliksi. Lis\u00e4ksi vastaavan ty\u00f6njohtajan teht\u00e4v\u00e4t.<\/figcaption><\/figure>\n<figure id=\"attachment_296\" aria-describedby=\"caption-attachment-296\" style=\"width: 564px\" class=\"wp-caption alignnone\"><img loading=\"lazy\" decoding=\"async\" class=\"wp-image-296\" src=\"https:\/\/kasuva.fi\/wp-content\/uploads\/2017\/08\/IMG_1242.jpg\" alt=\"\" width=\"564\" height=\"423\" srcset=\"https:\/\/kasuva.fi\/wp-content\/uploads\/2017\/08\/IMG_1242.jpg 1600w, https:\/\/kasuva.fi\/wp-content\/uploads\/2017\/08\/IMG_1242-300x225.jpg 300w, https:\/\/kasuva.fi\/wp-content\/uploads\/2017\/08\/IMG_1242-768x576.jpg 768w, https:\/\/kasuva.fi\/wp-content\/uploads\/2017\/08\/IMG_1242-1024x768.jpg 1024w\" sizes=\"(max-width: 564px) 100vw, 564px\" \/><figcaption id=\"caption-attachment-296\" class=\"wp-caption-text\">Kohteessa ty\u00f6t k\u00e4ynnistyneet.<\/figcaption><\/figure>\n<hr \/>\n<figure id=\"attachment_323\" aria-describedby=\"caption-attachment-323\" style=\"width: 4032px\" class=\"wp-caption alignright\"><img loading=\"lazy\" decoding=\"async\" class=\"wp-image-323 size-full\" src=\"https:\/\/kasuva.fi\/wp-content\/uploads\/2017\/08\/IMG_1267.jpg\" alt=\"\" width=\"4032\" height=\"3024\" srcset=\"https:\/\/kasuva.fi\/wp-content\/uploads\/2017\/08\/IMG_1267.jpg 4032w, https:\/\/kasuva.fi\/wp-content\/uploads\/2017\/08\/IMG_1267-300x225.jpg 300w, https:\/\/kasuva.fi\/wp-content\/uploads\/2017\/08\/IMG_1267-768x576.jpg 768w, https:\/\/kasuva.fi\/wp-content\/uploads\/2017\/08\/IMG_1267-1024x768.jpg 1024w\" sizes=\"(max-width: 767px) 89vw, (max-width: 1000px) 54vw, (max-width: 1071px) 543px, 580px\" \/><figcaption id=\"caption-attachment-323\" class=\"wp-caption-text\">Asiakkaan toiveiden mukaisesti suunniteltu autotalli\/halli tilavalla k\u00e4ytt\u00f6ullakolla.<\/figcaption><\/figure>\n<p>&nbsp;<\/p>\n","protected":false},"excerpt":{"rendered":"<p>&nbsp; &nbsp; &nbsp;<\/p>\n","protected":false},"author":1,"featured_media":0,"parent":0,"menu_order":0,"comment_status":"closed","ping_status":"closed","template":"","meta":{"footnotes":""},"class_list":["post-147","page","type-page","status-publish","hentry"],"_links":{"self":[{"href":"https:\/\/kasuva.fi\/index.php?rest_route=\/wp\/v2\/pages\/147"}],"collection":[{"href":"https:\/\/kasuva.fi\/index.php?rest_route=\/wp\/v2\/pages"}],"about":[{"href":"https:\/\/kasuva.fi\/index.php?rest_route=\/wp\/v2\/types\/page"}],"author":[{"embeddable":true,"href":"https:\/\/kasuva.fi\/index.php?rest_route=\/wp\/v2\/users\/1"}],"replies":[{"embeddable":true,"href":"https:\/\/kasuva.fi\/index.php?rest_route=%2Fwp%2Fv2%2Fcomments&post=147"}],"version-history":[{"count":22,"href":"https:\/\/kasuva.fi\/index.php?rest_route=\/wp\/v2\/pages\/147\/revisions"}],"predecessor-version":[{"id":378,"href":"https:\/\/kasuva.fi\/index.php?rest_route=\/wp\/v2\/pages\/147\/revisions\/378"}],"wp:attachment":[{"href":"https:\/\/kasuva.fi\/index.php?rest_route=%2Fwp%2Fv2%2Fmedia&parent=147"}],"curies":[{"name":"wp","href":"https:\/\/api.w.org\/{rel}","templated":true}]}}