{"id":11,"date":"2017-05-19T05:17:42","date_gmt":"2017-05-19T05:17:42","guid":{"rendered":"https:\/\/kasuva.fi\/?page_id=11"},"modified":"2024-01-10T19:22:06","modified_gmt":"2024-01-10T17:22:06","slug":"about","status":"publish","type":"page","link":"https:\/\/kasuva.fi\/?page_id=11","title":{"rendered":"Rakentamisen palvelut"},"content":{"rendered":"<p><span style=\"color: #000000;\">RAKENNUSSUUNNITTELU<\/span><\/p>\n<ul>\n<li><span style=\"color: #000000;\">Luonnokset<\/span><\/li>\n<li><span style=\"color: #000000;\">Rakennuslupasuunnitelmat<\/span><\/li>\n<li><span style=\"color: #000000;\">Asemapiirustukset<\/span><\/li>\n<li><span style=\"color: #000000;\">3D-mallinnukset<\/span><\/li>\n<\/ul>\n<p><span style=\"color: #000000;\">RAKENNESUUNNITTELU<\/span><\/p>\n<ul>\n<li><span style=\"color: #000000;\">Paikalla rakennettavien ja elementtirakenteisten rakennusten rakennesuunnitelmat<\/span><\/li>\n<li><span style=\"color: #000000;\">Perustussuunnitelmat<\/span><\/li>\n<li><span style=\"color: #000000;\">Ristikko- ja elementtisuunnitelmat<\/span><\/li>\n<\/ul>\n<p><span style=\"color: #000000;\">ENERGIATODISTUKSET (FISE-p\u00e4tevyys)<\/span><\/p>\n<ul>\n<li><span style=\"color: #000000;\">Vapaa-ajan asuntojen k\u00e4ytt\u00f6tavan muutokset vakituiseen k\u00e4ytt\u00f6\u00f6n<\/span><\/li>\n<li><span style=\"color: #000000;\">Uudisrakennukset<\/span><\/li>\n<li><span style=\"color: #000000;\">Olemassa olevat rakennukset<\/span><\/li>\n<li><span style=\"color: #000000;\">Energiatodistus vaaditaan lain mukaan l\u00e4hes kaikkiin myyt\u00e4viin tai vuokrattaviin rakennuksiin<\/span><\/li>\n<li><span style=\"color: #000000;\">Todistusta ei vaadita asunnoilta, joiden pinta-ala enint\u00e4\u00e4n 50 m2, vapaa-ajan asunnoilta, joita k\u00e4ytet\u00e4\u00e4n korkeintaan nelj\u00e4 kuukautta vuodessa , vapaa-ajan asunnoilta, joita ei k\u00e4ytet\u00e4 majoituselinkeinon harjoittamiseen eik\u00e4 suojelluilta rakennuksilta<\/span><\/li>\n<\/ul>\n<p><span style=\"color: #000000;\">VALVONTA<\/span><\/p>\n<ul>\n<li><span style=\"color: #000000;\">Vastaavan ty\u00f6njohtajan teht\u00e4v\u00e4t uudis- ja korjausrakentamisessa<br \/>\n<\/span><\/li>\n<li><span style=\"color: #000000;\">P\u00e4\u00e4suunnittelijan teht\u00e4v\u00e4t<br \/>\n<\/span><\/li>\n<li><span style=\"color: #000000;\">Kustannusarviot uudis- ja korjausrakentamiseen<br \/>\n<\/span><\/li>\n<li><span style=\"color: #000000;\">Tarjousten vertailu,\u00a0 esimerkiksi talopakettien sis\u00e4lt\u00f6jen vertailu<br \/>\n<\/span><\/li>\n<\/ul>\n<p><span style=\"color: #000000;\">ILMATIIVEYSMITTAUKSET (Sertifioitu rakennusten tiiveyden mittaaja)<\/span><\/p>\n<ul>\n<li><span style=\"color: #000000;\">Ilmatiiveysmittaus on t\u00e4rkeimpi\u00e4 rakennusten laadunvalvonnan ja -varmistuksen mittareita<\/span><\/li>\n<li><span style=\"color: #000000;\">Tavoitteena on rakenteiden kosteusteknisen toiminnan varmistaminen,\u00a0 hyv\u00e4 asumisviihtyvyys ja terveellinen sis\u00e4ilmasto sek\u00e4 energiankulutuksen pienent\u00e4minen<\/span><\/li>\n<\/ul>\n<p><span style=\"color: #000000;\">KOSTEUSMITTAUKSET (VTT:n sertifioima rakennuksen kosteuden mittaaja)<br \/>\n<\/span><\/p>\n<ul>\n<li><span style=\"color: #000000;\">Pintakosteus-, porareik\u00e4- ja n\u00e4ytepalamittaus<\/span><\/li>\n<li><span style=\"color: #000000;\">Mittausten avulla voidaan p\u00e4\u00e4tell\u00e4 esimerkiksi rakenteiden pinnoitettavuuden aikataulutusta rakennusaikana, vesivahingon laajuus tai kosteiden tilojen kosteustila<\/span><\/li>\n<\/ul>\n<p><span style=\"color: #000000;\">L\u00c4MP\u00d6KAMERAKUVAUKSET (Sertifioitu rakennusten l\u00e4mp\u00f6kuvaaja)<\/span><\/p>\n<ul>\n<li>Uudis- ja perusparannuskohteiden l\u00e4mp\u00f6kuvaukset nykyaikaisella laitteistolla<\/li>\n<li>Lattial\u00e4mmityskaapeleiden paikannukset ja muut selvitysty\u00f6t<\/li>\n<li>Kylm\u00e4siltojen ja l\u00e4mp\u00f6vuotojen paikannukset<\/li>\n<\/ul>\n<p><span style=\"color: #000000;\">KUNTOTARKASTUKSET<\/span><\/p>\n<ul>\n<li>Esimerkiksi asuntokaupan yhteydess\u00e4<\/li>\n<li>Kuntotarkastus<span style=\"color: #000000;\"><span style=\"font-size: medium;\"> kertoo huoneiston tai koko rakennuksen sen hetkisen kunnon ja korjaustarpeet e<\/span>simerkiksi asuntokaupan n\u00e4yt\u00f6n yhteydess\u00e4, kun halutaan asiantuntijan n\u00e4kemys kohteesta<\/span><\/li>\n<\/ul>\n<p><span style=\"color: #000000;\">VUOSITARKASTUKSET<\/span><\/p>\n<ul>\n<li><span style=\"color: #000000;\">Kiinteist\u00f6jen vuositarkastukset on tarkoitettu niille, jotka ovat hankkineet uuden kiinteist\u00f6n tai asunnon yritykselt\u00e4 ja haluavat ulkopuolisen asiantuntijan n\u00e4kemyksen kohteesta ennen rakentajan suorittamaa vuositarkastusta ja vakuussumman vapautumista<\/span><\/li>\n<\/ul>\n<p>MIKROBI- JA SIS\u00c4ILMATUTKIMUKSET<\/p>\n<ul>\n<li>Jos asunnossa ep\u00e4ill\u00e4\u00e4n olevan sis\u00e4ilmaongelmia, voidaan suorittaa sis\u00e4ilman tutkimuksia esimerkiksi Andersen-ker\u00e4imell\u00e4 sis\u00e4ilmasta tai materiaalin\u00e4ytteill\u00e4 rakenteista muiden tutkimuksien yhteydess\u00e4 tai erikseen<\/li>\n<\/ul>\n","protected":false},"excerpt":{"rendered":"<p>RAKENNUSSUUNNITTELU Luonnokset Rakennuslupasuunnitelmat Asemapiirustukset 3D-mallinnukset RAKENNESUUNNITTELU Paikalla rakennettavien ja elementtirakenteisten rakennusten rakennesuunnitelmat Perustussuunnitelmat Ristikko- ja elementtisuunnitelmat ENERGIATODISTUKSET (FISE-p\u00e4tevyys) Vapaa-ajan asuntojen k\u00e4ytt\u00f6tavan muutokset vakituiseen k\u00e4ytt\u00f6\u00f6n Uudisrakennukset Olemassa olevat rakennukset Energiatodistus vaaditaan lain mukaan l\u00e4hes kaikkiin myyt\u00e4viin tai vuokrattaviin rakennuksiin Todistusta ei vaadita asunnoilta, joiden pinta-ala enint\u00e4\u00e4n 50 m2, vapaa-ajan asunnoilta, joita k\u00e4ytet\u00e4\u00e4n korkeintaan nelj\u00e4 kuukautta vuodessa &hellip; <\/p>\n<p class=\"link-more\"><a href=\"https:\/\/kasuva.fi\/?page_id=11\" class=\"more-link\">Jatka lukemista<span class=\"screen-reader-text\"> &#8221;Rakentamisen palvelut&#8221;<\/span><\/a><\/p>\n","protected":false},"author":1,"featured_media":0,"parent":0,"menu_order":0,"comment_status":"closed","ping_status":"closed","template":"","meta":{"footnotes":""},"class_list":["post-11","page","type-page","status-publish","hentry"],"_links":{"self":[{"href":"https:\/\/kasuva.fi\/index.php?rest_route=\/wp\/v2\/pages\/11"}],"collection":[{"href":"https:\/\/kasuva.fi\/index.php?rest_route=\/wp\/v2\/pages"}],"about":[{"href":"https:\/\/kasuva.fi\/index.php?rest_route=\/wp\/v2\/types\/page"}],"author":[{"embeddable":true,"href":"https:\/\/kasuva.fi\/index.php?rest_route=\/wp\/v2\/users\/1"}],"replies":[{"embeddable":true,"href":"https:\/\/kasuva.fi\/index.php?rest_route=%2Fwp%2Fv2%2Fcomments&post=11"}],"version-history":[{"count":23,"href":"https:\/\/kasuva.fi\/index.php?rest_route=\/wp\/v2\/pages\/11\/revisions"}],"predecessor-version":[{"id":388,"href":"https:\/\/kasuva.fi\/index.php?rest_route=\/wp\/v2\/pages\/11\/revisions\/388"}],"wp:attachment":[{"href":"https:\/\/kasuva.fi\/index.php?rest_route=%2Fwp%2Fv2%2Fmedia&parent=11"}],"curies":[{"name":"wp","href":"https:\/\/api.w.org\/{rel}","templated":true}]}}