{"id":10,"date":"2017-05-19T05:17:42","date_gmt":"2017-05-19T05:17:42","guid":{"rendered":"https:\/\/kasuva.fi\/?page_id=10"},"modified":"2024-01-10T19:21:05","modified_gmt":"2024-01-10T17:21:05","slug":"home","status":"publish","type":"page","link":"https:\/\/kasuva.fi\/","title":{"rendered":"Kaikki rakentamisen palvelut saman katon alta"},"content":{"rendered":"<p><img loading=\"lazy\" decoding=\"async\" class=\"alignright size-full wp-image-354\" src=\"https:\/\/kasuva.fi\/wp-content\/uploads\/2017\/12\/KASUVA_CMYK.jpg\" alt=\"\" width=\"6505\" height=\"1913\" srcset=\"https:\/\/kasuva.fi\/wp-content\/uploads\/2017\/12\/KASUVA_CMYK.jpg 6505w, https:\/\/kasuva.fi\/wp-content\/uploads\/2017\/12\/KASUVA_CMYK-300x88.jpg 300w, https:\/\/kasuva.fi\/wp-content\/uploads\/2017\/12\/KASUVA_CMYK-768x226.jpg 768w, https:\/\/kasuva.fi\/wp-content\/uploads\/2017\/12\/KASUVA_CMYK-1024x301.jpg 1024w\" sizes=\"(max-width: 767px) 89vw, (max-width: 1000px) 54vw, (max-width: 1071px) 543px, 580px\" \/><\/p>\n<p>&nbsp;<\/p>\n<p><span style=\"color: #000000;\">Kasuva Oy on perustettu vuonna 2017 ja sen yritt\u00e4j\u00e4n\u00e4 toimii rakennustekniikan insin\u00f6\u00f6ri ja rakennusalan artesaani Jukka Joki-Erkkil\u00e4. Yrityksen kotipaikka on Kalajoen Hiekkas\u00e4rkill\u00e4 ja p\u00e4\u00e4toimialueena on Kalajoki l\u00e4hikuntineen.<br \/>\n<\/span><\/p>\n<p><span style=\"color: #000000;\">Kasuva tarjoaa kokonaisvaltaista palvelua rakentajille ja remontoijille vuosien kokemuksella. Autamme tontin valinnasta l\u00e4htien l\u00e4pi koko rakennushankkeen.\u00a0<\/span><\/p>\n<ul>\n<li style=\"text-align: left;\"><span style=\"color: #000000;\">P\u00e4\u00e4suunnittelu ja valvontateht\u00e4v\u00e4t<\/span><\/li>\n<li><span style=\"color: #000000;\">Rakennuslupakuvat<\/span><\/li>\n<li><span style=\"color: #000000;\">Energiatodistukset<\/span><\/li>\n<li><span style=\"color: #000000;\">Vapaa-ajan asuntojen k\u00e4ytt\u00f6tavan muutokset vakituiseen k\u00e4ytt\u00f6\u00f6n<\/span><\/li>\n<li><span style=\"color: #000000;\">3D-mallinnukset<\/span><\/li>\n<li><span style=\"color: #000000;\">Kilpailutus ja tarjousten vertailu<\/span><\/li>\n<li><span style=\"color: #000000;\">Rakentamisen neuvonta<\/span><\/li>\n<li><span style=\"color: #000000;\">L\u00e4mp\u00f6kamerakuvaukset<\/span><\/li>\n<li><span style=\"color: #000000;\">Ilmatiiveysmittaukset<\/span><\/li>\n<li><span style=\"color: #000000;\">Kosteusmittaukset<\/span><\/li>\n<li>Kuntotarkastukset<\/li>\n<li><span style=\"color: #000000;\">Vuositarkastukset<\/span><\/li>\n<li>Mikrobi- ja sis\u00e4ilmatutkimukset<\/li>\n<\/ul>\n","protected":false},"excerpt":{"rendered":"<p>&nbsp; Kasuva Oy on perustettu vuonna 2017 ja sen yritt\u00e4j\u00e4n\u00e4 toimii rakennustekniikan insin\u00f6\u00f6ri ja rakennusalan artesaani Jukka Joki-Erkkil\u00e4. Yrityksen kotipaikka on Kalajoen Hiekkas\u00e4rkill\u00e4 ja p\u00e4\u00e4toimialueena on Kalajoki l\u00e4hikuntineen. Kasuva tarjoaa kokonaisvaltaista palvelua rakentajille ja remontoijille vuosien kokemuksella. Autamme tontin valinnasta l\u00e4htien l\u00e4pi koko rakennushankkeen.\u00a0 P\u00e4\u00e4suunnittelu ja valvontateht\u00e4v\u00e4t Rakennuslupakuvat Energiatodistukset Vapaa-ajan asuntojen k\u00e4ytt\u00f6tavan muutokset vakituiseen k\u00e4ytt\u00f6\u00f6n &hellip; <\/p>\n<p class=\"link-more\"><a href=\"https:\/\/kasuva.fi\/\" class=\"more-link\">Jatka lukemista<span class=\"screen-reader-text\"> &#8221;Kaikki rakentamisen palvelut saman katon alta&#8221;<\/span><\/a><\/p>\n","protected":false},"author":1,"featured_media":0,"parent":0,"menu_order":0,"comment_status":"closed","ping_status":"closed","template":"","meta":{"footnotes":""},"class_list":["post-10","page","type-page","status-publish","hentry"],"_links":{"self":[{"href":"https:\/\/kasuva.fi\/index.php?rest_route=\/wp\/v2\/pages\/10"}],"collection":[{"href":"https:\/\/kasuva.fi\/index.php?rest_route=\/wp\/v2\/pages"}],"about":[{"href":"https:\/\/kasuva.fi\/index.php?rest_route=\/wp\/v2\/types\/page"}],"author":[{"embeddable":true,"href":"https:\/\/kasuva.fi\/index.php?rest_route=\/wp\/v2\/users\/1"}],"replies":[{"embeddable":true,"href":"https:\/\/kasuva.fi\/index.php?rest_route=%2Fwp%2Fv2%2Fcomments&post=10"}],"version-history":[{"count":47,"href":"https:\/\/kasuva.fi\/index.php?rest_route=\/wp\/v2\/pages\/10\/revisions"}],"predecessor-version":[{"id":357,"href":"https:\/\/kasuva.fi\/index.php?rest_route=\/wp\/v2\/pages\/10\/revisions\/357"}],"wp:attachment":[{"href":"https:\/\/kasuva.fi\/index.php?rest_route=%2Fwp%2Fv2%2Fmedia&parent=10"}],"curies":[{"name":"wp","href":"https:\/\/api.w.org\/{rel}","templated":true}]}}